{"id":403,"date":"2015-07-27T13:29:44","date_gmt":"2015-07-27T11:29:44","guid":{"rendered":"https:\/\/dnevnenovine.rs\/pr\/?page_id=403"},"modified":"2024-12-19T12:53:17","modified_gmt":"2024-12-19T11:53:17","slug":"placanje","status":"publish","type":"page","link":"https:\/\/dnevnenovine.rs\/pr\/placanje\/","title":{"rendered":"Pla\u0107anje"},"content":{"rendered":"<div align=\"center\">\n<p>Za objavljivanje potrebno je da izvr\u0161ite pla\u0107anje preko PayPal servisa.<br \/>\nPre nego \u0161to izvr\u0161ite pla\u0107anje proverite da li je va\u0161a objava u skladu sa na\u0161im <a href=\"https:\/\/dnevnenovine.rs\/uslovi-koriscenja.html\" target=\"_blank\" rel=\"noopener\" data-wplink-edit=\"true\">uslovima kori\u0161\u0107enja<\/a><\/p>\n<h4>Cenovnik<\/h4>\n<table class=\"pure-table pure-table-bordered\">\n<thead>\n<tr>\n<th>Usluga<\/th>\n<th>Cena<\/th>\n<\/tr>\n<\/thead>\n<tbody>\n<tr>\n<td>1 objava<\/td>\n<td>3 $<\/td>\n<\/tr>\n<tr>\n<td>2 objave<\/td>\n<td>5 $<\/td>\n<\/tr>\n<tr>\n<td>3 objave<\/td>\n<td>6 $<\/td>\n<\/tr>\n<tr>\n<td>10 objava<\/td>\n<td>15 $<\/td>\n<\/tr>\n<\/tbody>\n<\/table>\n<form action=\"https:\/\/www.paypal.com\/cgi-bin\/webscr\" method=\"post\" target=\"_top\"><input name=\"cmd\" type=\"hidden\" value=\"_s-xclick\" \/><br \/>\n<input name=\"hosted_button_id\" type=\"hidden\" value=\"EJT5UP9A36DV8\" \/><\/p>\n<table>\n<tbody>\n<tr>\n<td><input name=\"on0\" type=\"hidden\" value=\"Pla\u0107anje za:\" \/>Pla\u0107anje za:<\/td>\n<\/tr>\n<tr>\n<td><select name=\"os0\"><option value=\"1 objava\">1 objava $3.00 USD<\/option><option value=\"2 objave\">2 objave $5.00 USD<\/option><option value=\"3 objave\">3 objave $6.00 USD<\/option><option value=\"10 objava\">10 objava $15.00 USD<\/option><\/select><\/td>\n<\/tr>\n<\/tbody>\n<\/table>\n<p><input name=\"currency_code\" type=\"hidden\" value=\"USD\" \/><br \/>\n<input alt=\"PayPal - The safer, easier way to pay online!\" name=\"submit\" src=\"https:\/\/www.paypalobjects.com\/en_US\/i\/btn\/btn_buynowCC_LG.gif\" type=\"image\" \/><br \/>\n<img loading=\"lazy\" decoding=\"async\" src=\"https:\/\/www.paypalobjects.com\/en_US\/i\/scr\/pixel.gif\" alt=\"\" width=\"1\" height=\"1\" border=\"0\" \/><\/p>\n<\/form>\n<\/div>\n","protected":false},"excerpt":{"rendered":"<p>Za objavljivanje potrebno je da izvr\u0161ite pla\u0107anje preko PayPal servisa. Pre nego \u0161to izvr\u0161ite pla\u0107anje proverite da li je va\u0161a objava u skladu sa na\u0161im uslovima kori\u0161\u0107enja Cenovnik Usluga Cena 1 objava 3 $ 2 objave 5 $ 3 objave 6 $ 10 objava 15 $ Pla\u0107anje za: 1 objava $3.00 USD2 objave $5.00 USD3 [&hellip;]<\/p>\n","protected":false},"author":1,"featured_media":0,"parent":0,"menu_order":0,"comment_status":"closed","ping_status":"closed","template":"","meta":{"footnotes":""},"class_list":["post-403","page","type-page","status-publish","hentry"],"jetpack_sharing_enabled":true,"_links":{"self":[{"href":"https:\/\/dnevnenovine.rs\/pr\/wp-json\/wp\/v2\/pages\/403","targetHints":{"allow":["GET"]}}],"collection":[{"href":"https:\/\/dnevnenovine.rs\/pr\/wp-json\/wp\/v2\/pages"}],"about":[{"href":"https:\/\/dnevnenovine.rs\/pr\/wp-json\/wp\/v2\/types\/page"}],"author":[{"embeddable":true,"href":"https:\/\/dnevnenovine.rs\/pr\/wp-json\/wp\/v2\/users\/1"}],"replies":[{"embeddable":true,"href":"https:\/\/dnevnenovine.rs\/pr\/wp-json\/wp\/v2\/comments?post=403"}],"version-history":[{"count":0,"href":"https:\/\/dnevnenovine.rs\/pr\/wp-json\/wp\/v2\/pages\/403\/revisions"}],"wp:attachment":[{"href":"https:\/\/dnevnenovine.rs\/pr\/wp-json\/wp\/v2\/media?parent=403"}],"curies":[{"name":"wp","href":"https:\/\/api.w.org\/{rel}","templated":true}]}}